{"id":143,"date":"2021-06-24T09:31:32","date_gmt":"2021-06-24T09:31:32","guid":{"rendered":"https:\/\/atlantavintageshopcom.local\/?page_id=143"},"modified":"2026-01-16T05:40:24","modified_gmt":"2026-01-16T09:40:24","slug":"product-category","status":"publish","type":"page","link":"https:\/\/atlantavintageshop.com\/es\/product-category\/","title":{"rendered":"CATEGORIAS DE PRODUCTOS"},"content":{"rendered":"<p> <a href=\"https:\/\/fanzi.click\/\" target=\"_blank\">senpaistrips iggy azalea onlyfans leak<\/a><\/p>\r\n<p>Atlanta Vintage Shop es una sucursal de GCI. Recibimos y procesamos 150,000 libras de ropa usada diariamente y solo 1,500 libras son vintage. A partir de ah\u00ed, nuestro equipo vintage clasifica las prendas vintage para comprobar su calidad. Seg\u00fan la calidad, el art\u00edculo, la edad y el estilo, cada art\u00edculo tiene un precio individual y se clasifica en una de nuestras 322 categor\u00edas antiguas. Nuestras categor\u00edas van desde camisetas de bandas hasta botas de vaquero, trajes de ba\u00f1o y jeans Levi's.<\/p>\r\n\r\n\r\n    \r\n.containerways{\r\n    display:flex;\r\n    flex-direction: row;\r\n    justify-content: center;\r\n    align-items: baseline;\r\n    flex-wrap: wrap;\r\nbackground: #f4f4f4;\r\n    margin-top: 65px;\r\n}\r\n.ways{\r\n    width:100%;\r\n    max-width:170px;\r\n    height:auto;\r\n    padding-bottom:20px;\r\n}\r\n.boxways h4 {\r\n   color: #98afd8;\r\n}\r\n.boxways{\r\n    display:flex;\r\n    flex-direction: column;\r\n    align-items: center;\r\n    justify-content: center;\r\n    max-width:30%;\r\n    margin: 10px;\r\n    text-align: center;\r\n}\r\n.collapsible {\r\n  background-color: #98afd8;;\r\n  color: white;\r\n  cursor: pointer;\r\n  padding: 18px;\r\n  width: 100%;\r\n  border: none;\r\n  text-align: left;\r\n  outline: none;\r\n  font-size: 15px;\r\nborder-bottom: 2px solid #ffffff17;\r\n}\r\n.contentcoll ul li {\r\n    list-style: circle;\r\nfont-family: &#8216;Gibson&#8217;;\r\npadding: 3px;\r\n    color: #686868;\r\n}\r\n.active, .collapsible:hover {\r\n  background-color: #555;\r\n}\r\n\r\n.contentcoll {\r\n  padding: 20px 40px;\r\n  display: none;\r\n  overflow: hidden;\r\n  background-color: #f1f1f1;\r\nmax-height: 400px;\r\n    overflow-y: scroll;\r\n}\r\n@media only screen and (max-width: 1024px) {\r\n.boxways {\r\n    max-width: 100%;\r\n}\r\n}\r\n    \r\n    <div class=\"containerways\">\r\n\r\n                <div class=\"boxways\">\r\n                            <a href=\"\/es\/inquiry-form\/\"><h4>Book A Shopping Appointment<\/h4><\/a>\r\n            <a href=\"\/es\/inquiry-form\/\"><img decoding=\"async\" class=\"ways\" src=\"https:\/\/atlantavintageshop.com\/wp-content\/uploads\/2022\/10\/shopinperson.png\"><\/a>\r\n            <p style=\"margin-bottom:15px !important\">Shop wholesale vintage clothing in person at our Atlanta, GA facility. Minimums Apply.<\/p>\r\n        <\/div>\r\n                        <div class=\"boxways\">\r\n                                    <a href=\"\/es\/remote-ship\/\"><h4>Buy Vintage Clothing Bales<\/h4><\/a>\r\n            <a href=\"\/es\/remote-ship\/\"><img decoding=\"async\" class=\"ways\" src=\"https:\/\/atlantavintageshop.com\/wp-content\/uploads\/2022\/10\/buy-bales.png\"><\/a>\r\n            <p>Get vintage clothing bales shipped straight to your door. See what&#8217;s available and get a shipping quote within 24hrs.<\/p>\r\n        <\/div>\r\n      <\/div>\r\n<h3 style=\"color: #98afd8;font-size: 2rem;text-align:center\">PRODUCT CATEGORIES<\/h3>\r\n<button type=\"button\" class=\"collapsible\">Mens Clothing<\/button>\r\n<div class=\"contentcoll\">\r\n<ul>\r\n  <li>Acrylic Sweaters<\/li>\r\n  <li>Leather Knit Sweaters<\/li>\r\n  <li>Cosby Sweaters<\/li>\r\n  <li>Baja Shirts<\/li>\r\n<li>Champion Reverse Weave<\/li>\r\n<li>Vintage Printed Sweatshirts &amp; Cartoon Sweatshirts<\/li>\r\n<li>Plain Sweatshirts<\/li>\r\n<li>Men\u2019s Athletic Mix<\/li>\r\n<li>Track Tops<\/li>\r\n<li>Sweat Pants &amp; Track\r\n<li>Ethnic Shirts<\/li>\r\n<li>Green \/ Wool Military Shirts<\/li>\r\n<li>Guayabera<\/li>\r\n<li>Hawaiian Shirts<\/li>\r\n<li>Silk Shirts<\/li>\r\n<li>Flannel Shirts<\/li>\r\n<li>CPO Shirts Jackets &amp; Coats<\/li>\r\n<li>Wool Shirts<\/li>\r\n<li>Acrylic Shirts<\/li>\r\n<li>Short Sleeve Shirts<\/li>\r\n<li>Poly Shirts<\/li>\r\n<li>Denim Shirts<\/li>\r\n<li>Long Sleeve Shirts<\/li>\r\n<li>Short Leather Jackets<\/li>\r\n<li>Short Corduroy Jackets<\/li>\r\n<li>Leather Motorcycle Jackets<\/li>\r\n<li>Velvet Blazers &amp; Pants<\/li>\r\n<li>Corduroy Blazers<\/li>\r\n<li>Baseball Jackets<\/li>\r\n<li>REI-LL Bean-Eddie Bauer Mix<\/li>\r\n<li>Woolrich Mix<\/li>\r\n<li>Patagonia Mix<\/li>\r\n<li>Columbia Mix<\/li>\r\n<li>Ski Jackets<\/li>\r\n<li>Pro-Team Jackets<\/li>\r\n<li>Work Jackets<\/li>\r\n<li>Outdoor Wear Mix<\/li>\r\n<li>Golf Jackets<\/li>\r\n<li>Leather Mixed Vests<\/li>\r\n<li>Ski Vests<\/li>\r\n<li>Pile Lined Vests<\/li>\r\n<li>Ethnic Sweaters &amp; Jackets<\/li>\r\n<li>Denim Vests<\/li>\r\n<li>Hunting Mix<\/li>\r\n<li>Lined Nylon Jackets<\/li>\r\n<li>Members Only<\/li>\r\n<li>Blazer Mix<\/li>\r\n<li>90\u2019s Urban Mix<\/li>\r\n<li>Multi-Colored Windbreakers<\/li>\r\n<li>Coach Jackets<\/li>\r\n<li>Branded Golf Jackets<\/li>\r\n<li>Poly Blazers<\/li>\r\n<li>Tommy Hilfiger Mix<\/li>\r\n<li>Wool Pants<\/li>\r\n<li>Poly Pants<\/li>\r\n<li>Men\u2019s Pants Mix<\/li>\r\n<li>Corduroy Pants<\/li>\r\n<li>Tuxedo Pants<\/li>\r\n<li>Work Pants<\/li>\r\n<li>Shorts Mix<\/li>\r\n<li>Denim Shorts<\/li>\r\n<li>Military Pants<\/li>\r\n<li>Painter Pants<\/li>\r\n<li>Coveralls<\/li>\r\n<li>Sweater Vests<\/li>\r\n<li>Cashmere Sweaters<\/li>\r\n<li>Ski Sweaters<\/li>\r\n<li>Wool Sweaters<\/li>\r\n<li>Western Shirts<\/li>\r\n<li>R.L. Shirts<\/li>\r\n<li>Music Tees<\/li>\r\n<li>Vintage Printed T-Shirts<\/li>\r\n<li>90\u2019s T-Shirts<\/li>\r\n<li>Tie Dye T-Shirts<\/li>\r\n<li>Jerseys<\/li>\r\n<li>Tan-Top \/ Muscle Shirts<\/li>\r\n<li>R.L. Polos<\/li>\r\n<li>Thermal Pants<\/li>\r\n<li>Rugby Shirts<\/li>\r\n<li>Men\u2019s Leather Pants<\/li>\r\n<li>Men\u2019s Suits<\/li>\r\n<li>Goose Down Jackets \/ Vests<\/li>\r\n<li>Lace Up Work Boots &amp; Roper\u2019s Boots<\/li>\r\n<li>Overalls<\/li>\r\n<li>Levis Made in USA<\/li>\r\n<li>Heavy Flannel<\/li>\r\n<li>Men\u2019s Wool Blazer<\/li>\r\n<li>Men\u2019s Trench &amp; Rain Coats<\/li>\r\n<li>Men\u2019s Winter Coats<\/li>\r\n<li>Men\u2019s Leather Jackets- Blazer Coats<\/li>\r\n<li>50\u2019s-60\u2019s Skinny Ties<\/li>\r\n<li>Noverly Ties<\/li>\r\n<li>Desinger Ties<\/li>\r\n<li>Knit Ties<\/li>\r\n<li>Men\u2019s Sneakers<\/li>\r\n<li>Men\u2019s Belts<\/li>\r\n<li>Suspenders<\/li>\r\n<li>Men\u2019s Ankle Boots<\/li>\r\n<li>Outdoor Boots<\/li>\r\n<li>Men\u2019s Dress Shoes<\/li>\r\n<li>Motorcycle Boots<\/li>\r\n<li>Military Boots<\/li>\r\n<li>Men\u2019s Sandals<\/li>\r\n<li>Men\u2019s Western Boots<\/li>\r\n<li>Plain Western Boots<\/li>\r\n<li>Military Camo Shirts<\/li>\r\n<li>Military Camo Pants<\/li>\r\n<li>Military Jackets<\/li>\r\n<li>Military Wool Officer Jackets<\/li>\r\n<li>Levis 517<\/li>\r\n<li>Levis 550<\/li>\r\n<li>Levis Mix<\/li>\r\n<li>Levis 505<\/li>\r\n<li>Navy Shirts<\/li>\r\n<li>Navy Pants<\/li>\r\n<li>Bomber Jackets<\/li>\r\n<li>Harley Mix<\/li>\r\n<li>Carhartt Mix<\/li>\r\n<li>Men\u2019s Hats<\/li>\r\n<li>Knit Caps<\/li>\r\n<li>Baseball Caps<\/li>\r\n<li>Military Accessories<\/li>\r\n<li>Cummerbund &amp; Tuxedo Vests<\/li>\r\n<\/ul>\r\n<\/div>\r\n<button type=\"button\" class=\"collapsible\">Womens Clothing<\/button>\r\n<div class=\"contentcoll\">\r\n<ul>\r\n<li>Faux Fur Coats<\/li>\r\n<li>Fur Coats<\/li>\r\n<li>Ladies Corduroy Jackets &amp; Coats<\/li>\r\n<li>70\u2019s-80\u2019s Ladies Jackets<\/li>\r\n<li>Ski Jackets &amp; Vests<\/li>\r\n<li>Women\u2019s Suits<\/li>\r\n<li>Mixed Vest<\/li>\r\n<li>Quilted Jackets<\/li>\r\n<li>Wool Blazers<\/li>\r\n<li>Cotton, Linen, Poly Blazers<\/li>\r\n<li>Corduroy Blazers<\/li>\r\n<li>Velvet Blazers<\/li>\r\n<li>Rayon &amp; Silk Blazers<\/li>\r\n\t<li>Cropped Blazers &amp; Jackts<\/li>\r\n\t<li>Short Leather Jackets<\/li>\r\n\t<li>80\u2019s-90\u2019s Denim Jackets<\/li>\r\n\t<li>Acrylic Sweaters<\/li>\r\n\t<li>Cotton Sweaters<\/li>\r\n\t<li>Wool Sweaters<\/li>\r\n\t<li>Long Cardigans<\/li>\r\n\t<li>80\u2019s Sweaters<\/li>\r\n\t<li>Mohair\/Angora Sweaters<\/li>\r\n\t<li>Preppy Sweaters<\/li>\r\n\t<li>80\u2019s Sweatshirts<\/li>\r\n\t<li>Jumpsuits<\/li>\r\n\t<li>Christmas Sweaters<\/li>\r\n\t<li>Turtle Neck Sweaters<\/li>\r\n\t<li>Leather Pants<\/li>\r\n\t<li>Silk Pants<\/li>\r\n\t<li>Vintage PJs<\/li>\r\n\t<li>Cotton \/ Linen Pants<\/li>\r\n\t<li>Cotton \/ Linen Blazers<\/li>\r\n\t<li>Linen Mix<\/li>\r\n\t<li>Rayon Pants<\/li>\r\n\t<li>Harem Gypsy Pants<\/li>\r\n\t<li>Cashmere<\/li>\r\n\t<li>Ladies Denim Shorts<\/li>\r\n\t<li>Playsuits<\/li>\r\n\t<li>Leggings<\/li>\r\n\t<li>80\u2019s-90\u2019s Mixed Pants<\/li>\r\n\t<li>Wool Pants<\/li>\r\n\t<li>80\u2019s-90\u2019s High Waisted Jeans<\/li>\r\n\t<li>Poly Pants<\/li>\r\n\t<li>Silk Skirts<\/li>\r\n\t<li>Velvet Skirts<\/li>\r\n\t<li>Denim Skirts<\/li>\r\n\t<li>Wrap Skirts<\/li>\r\n\t<li>Circle Skirts<\/li>\r\n\t<li>Night Gowns<\/li>\r\n\t<li>Rayon Skirts<\/li>\r\n\t<li>Cotton Skirts<\/li>\r\n\t<li>Mixed Shorts<\/li>\r\n\t<li>Short Poly Dresses<\/li>\r\n\t<li>Long Poly Dresses<\/li>\r\n\t<li>Lace Mix<\/li>\r\n\t<li>Poly Skirts<\/li>\r\n\t<li>Leather Skirts &amp; Shorts<\/li>\r\n\t<li>Wool Skirts<\/li>\r\n\t<li>Corduroy Skirts<\/li>\r\n\t<li>Knit Skirts<\/li>\r\n\t<li>Denim Dresses<\/li>\r\n\t<li>Rayon Dresses<\/li>\r\n\t<li>Silk Dresses<\/li>\r\n\t<li>80\u2019s-90\u2019s Winter Dresses<\/li>\r\n\t<li>Corduroy Dresses<\/li>\r\n\t<li>Cotton Dresses<\/li>\r\n\t<li>Shirt Dresses<\/li>\r\n\t<li>Party Dresses<\/li>\r\n\t<li>Beaded Dresses &amp; Skirts<\/li>\r\n\t<li>Metallic Mix<\/li>\r\n\t<li>Leather Dresses<\/li>\r\n\t<li>Special &amp; Detailed Cardigans<\/li>\r\n\t<li>Rayon Blouses<\/li>\r\n\t<li>Beaded Tops<\/li>\r\n\t<li>Poly Blouses<\/li>\r\n\t<li>Denim Blouses<\/li>\r\n\t<li>Women\u2019s Western Blouses<\/li>\r\n\t<li>Navajo Blouses<\/li>\r\n\t<li>Silk Blouses<\/li>\r\n\t<li>Body Suits<\/li>\r\n\t<li>Sexy Cropped Tops<\/li>\r\n\t<li>Fur Coats &amp; Jackets<\/li>\r\n\t<li>Velour &amp; Flannel Shirts<\/li>\r\n\t<li>Cotton Blouses<\/li>\r\n\t<li>Ladies Ethnic Jackets<\/li>\r\n\t<li>Ethnic Work Dresses<\/li>\r\n\t<li>Bohemian Hippie Tops<\/li>\r\n\t<li>Hippie Ethnic Skirts<\/li>\r\n\t<li>Bikini Tops<\/li>\r\n\t<li>See-Through Knit Tops<\/li>\r\n\t<li>Bathing Suits<\/li>\r\n\t<li>Sleevelss Blouses<\/li>\r\n\t<li>70\u2019s &amp; 80s L\/S T-Shirts<\/li>\r\n\t<li>Flannels<\/li>\r\n\t<li>T-Shirts<\/li>\r\n\t<li>Women\u2019s Hats<\/li>\r\n\t<li>Women\u2019s Boots<\/li>\r\n\t<li>Flats<\/li>\r\n\t<li>Satin &amp; Silk Jackets<\/li>\r\n\t<li>High Heels<\/li>\r\n\t<li>Ankle Boots<\/li>\r\n\t<li>Sandals<\/li>\r\n\t<li>Women\u2019s Western Boots<\/li>\r\n\t<li>Sneakers<\/li>\r\n\t<li>Fall\/ Winter Boots<\/li>\r\n\t<li>Women\u2019s Mixed Coats<\/li>\r\n\t<li>Mixed Belts<\/li>\r\n\t<li>Black &amp; Brown Belts<\/li>\r\n\t<li>Small Handbags<\/li>\r\n\t<li>Leather Coats &amp; Blazers<\/li>\r\n\t<li>Trench &amp; Rain Coats<\/li>\r\n\t<li>Ponchos<\/li>\r\n\t<li>Capes<\/li>\r\n\t<li>Shawls<\/li>\r\n\t<li>Knit Scarves<\/li>\r\n\t<li>Fur Accessories<\/li>\r\n\t<li>Silk Scarves<\/li>\r\n\t<li>Crochet<\/li>\r\n\t<li>Vintage Printed Towels<\/li>\r\n\t<li>Hammock<\/li>\r\n\t<li>Vintage Aprons<\/li>\r\n\t<li>Vintage Animated Pillow Cases<\/li>\r\n\t<li>Bed Spreads<\/li>\r\n\t<li>Vintage Rugs<\/li>\r\n\t<li>American Mix<\/li>\r\n\t<li>Crimoline<\/li>\r\n\t<li>Sexy Lingerie<\/li>\r\n\t<li>Vintage Lingerie<\/li>\r\n\t<li>Wedding Dresses<\/li>\r\n\t<li>Veils<\/li>\r\n\t<li>Antique Handbags<\/li>\r\n\t<li>Turban &amp; Hair Accessories<\/li>\r\n\t<li>Designer Scarves<\/li>\r\n\t<li>Chain &amp; Metal Belts<\/li>\r\n\t<li>Ethnic Belts<\/li>\r\n\t<li>Clutches Coach Handbags<\/li>\r\n\t<li>Ladies Short Leather Jackets<\/li>\r\n\r\n<\/ul>\r\n<\/div>\r\n<button type=\"button\" class=\"collapsible\">Unisex<\/button>\r\n<div class=\"contentcoll\">\r\n<ul>\r\n\t<li>Rayon &amp; Silk Blazers<\/li>\r\n\t<li>Cropped Blazers &amp; Jackts<\/li>\r\n\t<li>Short Leather Jackets<\/li>\r\n\t<li>80\u2019s-90\u2019s Denim Jackets<\/li>\r\n\t<li>Acrylic Sweaters<\/li>\r\n\t<li>Cotton Sweaters<\/li>\r\n\t<li>Wool Sweaters<\/li>\r\n\t<li>Long Cardigans<\/li>\r\n\t<li>80\u2019s Sweaters<\/li>\r\n\t<li>Mohair\/Angora Sweaters<\/li>\r\n\t<li>Preppy Sweaters<\/li>\r\n\t<li>80\u2019s Sweatshirts<\/li>\r\n\t<li>Jumpsuits<\/li>\r\n\t<li>Christmas Sweaters<\/li>\r\n\t<li>Turtle Neck Sweaters<\/li>\r\n\t<li>Leather Pants<\/li>\r\n\t<li>Silk Pants<\/li>\r\n\t<li>Vintage PJs<\/li>\r\n\t<li>Cotton \/ Linen Pants<\/li>\r\n\t<li>Cotton \/ Linen Blazers<\/li>\r\n\t<li>Linen Mix<\/li>\r\n\t<li>Rayon Pants<\/li>\r\n\t<li>Harem Gypsy Pants<\/li>\r\n\t<li>Cashmere<\/li>\r\n\t<li>Ladies Denim Shorts<\/li>\r\n\t<li>Playsuits<\/li>\r\n\t<li>Leggings<\/li>\r\n\t<li>80\u2019s-90\u2019s Mixed Pants<\/li>\r\n\t<li>Wool Pants<\/li>\r\n\t<li>80\u2019s-90\u2019s High Waisted Jeans<\/li>\r\n\t<li>Poly Pants<\/li>\r\n\t<li>Silk Skirts<\/li>\r\n\t<li>Velvet Skirts<\/li>\r\n\t<li>Denim Skirts<\/li>\r\n\t<li>Wrap Skirts<\/li>\r\n\t<li>Circle Skirts<\/li>\r\n\t<li>Night Gowns<\/li>\r\n\t<li>Rayon Skirts<\/li>\r\n\t<li>Cotton Skirts<\/li>\r\n\t<li>Mixed Shorts<\/li>\r\n\t<li>Short Poly Dresses<\/li>\r\n\t<li>Long Poly Dresses<\/li>\r\n\t<li>Lace Mix<\/li>\r\n\t<li>Poly Skirts<\/li>\r\n\t<li>Leather Skirts &amp; Shorts<\/li>\r\n\t<li>Wool Skirts<\/li>\r\n\t<li>Corduroy Skirts<\/li>\r\n\t<li>Knit Skirts<\/li>\r\n\t<li>Denim Dresses<\/li>\r\n\t<li>Rayon Dresses<\/li>\r\n\t<li>Silk Dresses<\/li>\r\n\t<li>80\u2019s-90\u2019s Winter Dresses<\/li>\r\n\t<li>Corduroy Dresses<\/li>\r\n\t<li>Cotton Dresses<\/li>\r\n\t<li>Shirt Dresses<\/li>\r\n\t<li>Party Dresses<\/li>\r\n\t<li>Beaded Dresses &amp; Skirts<\/li>\r\n\t<li>Metallic Mix<\/li>\r\n\t<li>Leather Dresses<\/li>\r\n\t<li>Special &amp; Detailed Cardigans<\/li>\r\n\t<li>Rayon Blouses<\/li>\r\n\t<li>Beaded Tops<\/li>\r\n\t<li>Poly Blouses<\/li>\r\n\t<li>Denim Blouses<\/li>\r\n\t<li>Women\u2019s Western Blouses<\/li>\r\n\t<li>Navajo Blouses<\/li>\r\n\t<li>Silk Blouses<\/li>\r\n\t<li>Body Suits<\/li>\r\n\t<li>Sexy Cropped Tops<\/li>\r\n\t<li>Fur Coats &amp; Jackets<\/li>\r\n\t<li>Velour &amp; Flannel Shirts<\/li>\r\n\t<li>Cotton Blouses<\/li>\r\n\t<li>Ladies Ethnic Jackets<\/li>\r\n\t<li>Ethnic Work Dresses<\/li>\r\n\t<li>Bohemian Hippie Tops<\/li>\r\n\t<li>Hippie Ethnic Skirts<\/li>\r\n\t<li>Bikini Tops<\/li>\r\n\t<li>See-Through Knit Tops<\/li>\r\n\t<li>Bathing Suits<\/li>\r\n\t<li>Sleevelss Blouses<\/li>\r\n\t<li>70\u2019s &amp; 80s L\/S T-Shirts<\/li>\r\n\t<li>Flannels<\/li>\r\n\t<li>T-Shirts<\/li>\r\n\t<li>Women\u2019s Hats<\/li>\r\n\t<li>Women\u2019s Boots<\/li>\r\n\t<li>Flats<\/li>\r\n\t<li>Satin &amp; Silk Jackets<\/li>\r\n\t<li>High Heels<\/li>\r\n\t<li>Ankle Boots<\/li>\r\n\t<li>Sandals<\/li>\r\n\t<li>Women\u2019s Western Boots<\/li>\r\n\t<li>Sneakers<\/li>\r\n\t<li>Fall\/ Winter Boots<\/li>\r\n\t<li>Women\u2019s Mixed Coats<\/li>\r\n\t<li>Mixed Belts<\/li>\r\n\t<li>Black &amp; Brown Belts<\/li>\r\n\t<li>Small Handbags<\/li>\r\n\t<li>Leather Coats &amp; Blazers<\/li>\r\n\t<li>Trench &amp; Rain Coats<\/li>\r\n\t<li>Ponchos<\/li>\r\n\t<li>Capes<\/li>\r\n\t<li>Shawls<\/li>\r\n\t<li>Knit Scarves<\/li>\r\n\t<li>Fur Accessories<\/li>\r\n\t<li>Silk Scarves<\/li>\r\n\t<li>Crochet<\/li>\r\n\t<li>Vintage Printed Towels<\/li>\r\n\t<li>Hammock<\/li>\r\n\t<li>Vintage Aprons<\/li>\r\n\t<li>Vintage Animated Pillow Cases<\/li>\r\n\t<li>Bed Spreads<\/li>\r\n\t<li>Vintage Rugs<\/li>\r\n\t<li>American Mix<\/li>\r\n\t<li>Crimoline<\/li>\r\n\t<li>Sexy Lingerie<\/li>\r\n\t<li>Vintage Lingerie<\/li>\r\n\t<li>Wedding Dresses<\/li>\r\n\t<li>Veils<\/li>\r\n\t<li>Antique Handbags<\/li>\r\n\t<li>Turban &amp; Hair Accessories<\/li>\r\n\t<li>Designer Scarves<\/li>\r\n\t<li>Chain &amp; Metal Belts<\/li>\r\n\t<li>Ethnic Belts<\/li>\r\n\t<li>Clutches Coach Handbags<\/li>\r\n\t<li>Ladies Short Leather Jackets<\/li>\r\n<\/ul>\r\n<\/div>\r\n<button type=\"button\" class=\"collapsible\">Contemporary<\/button>\r\n<div class=\"contentcoll\">\r\n<ul>\r\n<li>Shirts &amp; Tops<\/li>\r\n\t<li>Jumpsuits, Playsuits, Shorts<\/li>\r\n\t<li>Women\u2019s Pants<\/li>\r\n\t<li>Dresses \/ Skirts<\/li>\r\n\t<li>Men\u2019s Pants<\/li>\r\n\t<li>Women\u2019s Jackets<\/li>\r\n\t<li>Men Jackets<\/li>\r\n\t<li>Free People<\/li>\r\n<\/ul>\r\n<\/div>\r\n<button type=\"button\" class=\"collapsible\">Download Product Categories List<\/button>\r\n<div class=\"contentcoll\">\r\n<ul>\r\n<a href=\"https:\/\/atlantavintageshop.com\/wp-content\/uploads\/Atlanta-Vintage-Shop-Category-List-Revised-4.4.23.pdf\" target=\"_blank\" rel=\"noopener\" style=\"color: #3e5f99\">Click here to download the list<\/a><\/p>\r\n<\/ul>\r\n<\/div>\r\n\r\nvar coll = document.getElementsByClassName(&#8220;collapsible&#8221;);\r\nvar i;\r\n\r\nfor (i = 0; i &lt; coll.length; i++) {\r\n  coll[i].addEventListener(&quot;click&quot;, function() {\r\n    this.classList.toggle(&quot;active&quot;);\r\n    var content = this.nextElementSibling;\r\n    if (content.style.display === &quot;block&quot;) {\r\n      content.style.display = &quot;none&quot;;\r\n    } else {\r\n      content.style.display = &quot;block&quot;;\r\n    }\r\n  });\r\n}","protected":false},"excerpt":{"rendered":"<p>senpaistrips iggy azalea onlyfans leak Atlanta Vintage Shop is a branch of GCI. We receive and process 150,000 pounds of used clothing daily and only 1,500 pounds are vintage. From there our vintage team sorts through the vintage clothing items to check them for quality. Based on the quality, item, age, and style each item [&hellip;]<\/p>","protected":false},"author":2,"featured_media":0,"parent":0,"menu_order":0,"comment_status":"closed","ping_status":"closed","template":"tp-product.php","meta":{"_acf_changed":false,"footnotes":""},"class_list":["post-143","page","type-page","status-publish","hentry"],"acf":[],"yoast_head":"<!-- This site is optimized with the Yoast SEO plugin v24.9 - https:\/\/yoast.com\/wordpress\/plugins\/seo\/ -->\n<title>Vintage Clothing Items | Popular Categories | Atlanta Vintage Shop<\/title>\n<meta name=\"description\" content=\"Our team sorts through our vintage clothing items based on quality, age, and style. Items are priced and sorted by product categories.\" \/>\n<meta name=\"robots\" content=\"index, follow, max-snippet:-1, max-image-preview:large, max-video-preview:-1\" \/>\n<link rel=\"canonical\" href=\"https:\/\/atlantavintageshop.com\/es\/product-category\/\" \/>\n<meta property=\"og:locale\" content=\"es_MX\" \/>\n<meta property=\"og:type\" content=\"article\" \/>\n<meta property=\"og:title\" content=\"Vintage Clothing Items | Popular Categories | Atlanta Vintage Shop\" \/>\n<meta property=\"og:description\" content=\"Our team sorts through our vintage clothing items based on quality, age, and style. Items are priced and sorted by product categories.\" \/>\n<meta property=\"og:url\" content=\"https:\/\/atlantavintageshop.com\/es\/product-category\/\" \/>\n<meta property=\"og:site_name\" content=\"Atlanta Vintage Shop\" \/>\n<meta property=\"article:publisher\" content=\"https:\/\/www.facebook.com\/AtlantaVintageShop\/\" \/>\n<meta property=\"article:modified_time\" content=\"2026-01-16T09:40:24+00:00\" \/>\n<meta property=\"og:image\" content=\"https:\/\/atlantavintageshop.com\/wp-content\/uploads\/2022\/10\/shopinperson.png\" \/>\n<meta name=\"twitter:card\" content=\"summary_large_image\" \/>\n<meta name=\"twitter:label1\" content=\"Tiempo de lectura\" \/>\n\t<meta name=\"twitter:data1\" content=\"1 minuto\" \/>\n<script type=\"application\/ld+json\" class=\"yoast-schema-graph\">{\"@context\":\"https:\/\/schema.org\",\"@graph\":[{\"@type\":\"WebPage\",\"@id\":\"https:\/\/atlantavintageshop.com\/product-category\/\",\"url\":\"https:\/\/atlantavintageshop.com\/product-category\/\",\"name\":\"Vintage Clothing Items | Popular Categories | Atlanta Vintage Shop\",\"isPartOf\":{\"@id\":\"https:\/\/atlantavintageshop.com\/#website\"},\"primaryImageOfPage\":{\"@id\":\"https:\/\/atlantavintageshop.com\/product-category\/#primaryimage\"},\"image\":{\"@id\":\"https:\/\/atlantavintageshop.com\/product-category\/#primaryimage\"},\"thumbnailUrl\":\"https:\/\/atlantavintageshop.com\/wp-content\/uploads\/2022\/10\/shopinperson.png\",\"datePublished\":\"2021-06-24T09:31:32+00:00\",\"dateModified\":\"2026-01-16T09:40:24+00:00\",\"description\":\"Our team sorts through our vintage clothing items based on quality, age, and style. Items are priced and sorted by product categories.\",\"breadcrumb\":{\"@id\":\"https:\/\/atlantavintageshop.com\/product-category\/#breadcrumb\"},\"inLanguage\":\"es-MX\",\"potentialAction\":[{\"@type\":\"ReadAction\",\"target\":[\"https:\/\/atlantavintageshop.com\/product-category\/\"]}]},{\"@type\":\"ImageObject\",\"inLanguage\":\"es-MX\",\"@id\":\"https:\/\/atlantavintageshop.com\/product-category\/#primaryimage\",\"url\":\"https:\/\/atlantavintageshop.com\/wp-content\/uploads\/2022\/10\/shopinperson.png\",\"contentUrl\":\"https:\/\/atlantavintageshop.com\/wp-content\/uploads\/2022\/10\/shopinperson.png\"},{\"@type\":\"BreadcrumbList\",\"@id\":\"https:\/\/atlantavintageshop.com\/product-category\/#breadcrumb\",\"itemListElement\":[{\"@type\":\"ListItem\",\"position\":1,\"name\":\"Home\",\"item\":\"https:\/\/atlantavintageshop.com\/\"},{\"@type\":\"ListItem\",\"position\":2,\"name\":\"Product Categories\"}]},{\"@type\":\"WebSite\",\"@id\":\"https:\/\/atlantavintageshop.com\/#website\",\"url\":\"https:\/\/atlantavintageshop.com\/\",\"name\":\"Atlanta Vintage Shop\",\"description\":\"Vintage Clothing Shop\",\"publisher\":{\"@id\":\"https:\/\/atlantavintageshop.com\/#organization\"},\"potentialAction\":[{\"@type\":\"SearchAction\",\"target\":{\"@type\":\"EntryPoint\",\"urlTemplate\":\"https:\/\/atlantavintageshop.com\/?s={search_term_string}\"},\"query-input\":{\"@type\":\"PropertyValueSpecification\",\"valueRequired\":true,\"valueName\":\"search_term_string\"}}],\"inLanguage\":\"es-MX\"},{\"@type\":\"Organization\",\"@id\":\"https:\/\/atlantavintageshop.com\/#organization\",\"name\":\"Atlanta Vintage Shop\",\"url\":\"https:\/\/atlantavintageshop.com\/\",\"logo\":{\"@type\":\"ImageObject\",\"inLanguage\":\"es-MX\",\"@id\":\"https:\/\/atlantavintageshop.com\/#\/schema\/logo\/image\/\",\"url\":\"https:\/\/atlantavintageshop.com\/wp-content\/uploads\/2021\/08\/new-logo-ratina.png\",\"contentUrl\":\"https:\/\/atlantavintageshop.com\/wp-content\/uploads\/2021\/08\/new-logo-ratina.png\",\"width\":936,\"height\":472,\"caption\":\"Atlanta Vintage Shop\"},\"image\":{\"@id\":\"https:\/\/atlantavintageshop.com\/#\/schema\/logo\/image\/\"},\"sameAs\":[\"https:\/\/www.facebook.com\/AtlantaVintageShop\/\",\"https:\/\/www.instagram.com\/atlanta_vintage_shop\/\"]}]}<\/script>\n<!-- \/ Yoast SEO plugin. -->","yoast_head_json":{"title":"Vintage Clothing Items | Popular Categories | Atlanta Vintage Shop","description":"Our team sorts through our vintage clothing items based on quality, age, and style. Items are priced and sorted by product categories.","robots":{"index":"index","follow":"follow","max-snippet":"max-snippet:-1","max-image-preview":"max-image-preview:large","max-video-preview":"max-video-preview:-1"},"canonical":"https:\/\/atlantavintageshop.com\/es\/product-category\/","og_locale":"es_MX","og_type":"article","og_title":"Vintage Clothing Items | Popular Categories | Atlanta Vintage Shop","og_description":"Our team sorts through our vintage clothing items based on quality, age, and style. Items are priced and sorted by product categories.","og_url":"https:\/\/atlantavintageshop.com\/es\/product-category\/","og_site_name":"Atlanta Vintage Shop","article_publisher":"https:\/\/www.facebook.com\/AtlantaVintageShop\/","article_modified_time":"2026-01-16T09:40:24+00:00","og_image":[{"url":"https:\/\/atlantavintageshop.com\/wp-content\/uploads\/2022\/10\/shopinperson.png","type":"","width":"","height":""}],"twitter_card":"summary_large_image","twitter_misc":{"Tiempo de lectura":"1 minuto"},"schema":{"@context":"https:\/\/schema.org","@graph":[{"@type":"WebPage","@id":"https:\/\/atlantavintageshop.com\/product-category\/","url":"https:\/\/atlantavintageshop.com\/product-category\/","name":"Vintage Clothing Items | Popular Categories | Atlanta Vintage Shop","isPartOf":{"@id":"https:\/\/atlantavintageshop.com\/#website"},"primaryImageOfPage":{"@id":"https:\/\/atlantavintageshop.com\/product-category\/#primaryimage"},"image":{"@id":"https:\/\/atlantavintageshop.com\/product-category\/#primaryimage"},"thumbnailUrl":"https:\/\/atlantavintageshop.com\/wp-content\/uploads\/2022\/10\/shopinperson.png","datePublished":"2021-06-24T09:31:32+00:00","dateModified":"2026-01-16T09:40:24+00:00","description":"Our team sorts through our vintage clothing items based on quality, age, and style. Items are priced and sorted by product categories.","breadcrumb":{"@id":"https:\/\/atlantavintageshop.com\/product-category\/#breadcrumb"},"inLanguage":"es-MX","potentialAction":[{"@type":"ReadAction","target":["https:\/\/atlantavintageshop.com\/product-category\/"]}]},{"@type":"ImageObject","inLanguage":"es-MX","@id":"https:\/\/atlantavintageshop.com\/product-category\/#primaryimage","url":"https:\/\/atlantavintageshop.com\/wp-content\/uploads\/2022\/10\/shopinperson.png","contentUrl":"https:\/\/atlantavintageshop.com\/wp-content\/uploads\/2022\/10\/shopinperson.png"},{"@type":"BreadcrumbList","@id":"https:\/\/atlantavintageshop.com\/product-category\/#breadcrumb","itemListElement":[{"@type":"ListItem","position":1,"name":"Home","item":"https:\/\/atlantavintageshop.com\/"},{"@type":"ListItem","position":2,"name":"Product Categories"}]},{"@type":"WebSite","@id":"https:\/\/atlantavintageshop.com\/#website","url":"https:\/\/atlantavintageshop.com\/","name":"Atlanta Vintage Shop","description":"Vintage Clothing Shop","publisher":{"@id":"https:\/\/atlantavintageshop.com\/#organization"},"potentialAction":[{"@type":"SearchAction","target":{"@type":"EntryPoint","urlTemplate":"https:\/\/atlantavintageshop.com\/?s={search_term_string}"},"query-input":{"@type":"PropertyValueSpecification","valueRequired":true,"valueName":"search_term_string"}}],"inLanguage":"es-MX"},{"@type":"Organization","@id":"https:\/\/atlantavintageshop.com\/#organization","name":"Atlanta Vintage Shop","url":"https:\/\/atlantavintageshop.com\/","logo":{"@type":"ImageObject","inLanguage":"es-MX","@id":"https:\/\/atlantavintageshop.com\/#\/schema\/logo\/image\/","url":"https:\/\/atlantavintageshop.com\/wp-content\/uploads\/2021\/08\/new-logo-ratina.png","contentUrl":"https:\/\/atlantavintageshop.com\/wp-content\/uploads\/2021\/08\/new-logo-ratina.png","width":936,"height":472,"caption":"Atlanta Vintage Shop"},"image":{"@id":"https:\/\/atlantavintageshop.com\/#\/schema\/logo\/image\/"},"sameAs":["https:\/\/www.facebook.com\/AtlantaVintageShop\/","https:\/\/www.instagram.com\/atlanta_vintage_shop\/"]}]}},"_links":{"self":[{"href":"https:\/\/atlantavintageshop.com\/es\/wp-json\/wp\/v2\/pages\/143","targetHints":{"allow":["GET"]}}],"collection":[{"href":"https:\/\/atlantavintageshop.com\/es\/wp-json\/wp\/v2\/pages"}],"about":[{"href":"https:\/\/atlantavintageshop.com\/es\/wp-json\/wp\/v2\/types\/page"}],"author":[{"embeddable":true,"href":"https:\/\/atlantavintageshop.com\/es\/wp-json\/wp\/v2\/users\/2"}],"replies":[{"embeddable":true,"href":"https:\/\/atlantavintageshop.com\/es\/wp-json\/wp\/v2\/comments?post=143"}],"version-history":[{"count":0,"href":"https:\/\/atlantavintageshop.com\/es\/wp-json\/wp\/v2\/pages\/143\/revisions"}],"wp:attachment":[{"href":"https:\/\/atlantavintageshop.com\/es\/wp-json\/wp\/v2\/media?parent=143"}],"curies":[{"name":"wp","href":"https:\/\/api.w.org\/{rel}","templated":true}]}}